{"id":81,"date":"2026-02-23T00:01:32","date_gmt":"2026-02-23T06:01:32","guid":{"rendered":"https:\/\/okeyvoz.com\/?page_id=81"},"modified":"2026-04-07T23:18:11","modified_gmt":"2026-04-08T05:18:11","slug":"cerrando-filas","status":"publish","type":"page","link":"https:\/\/okeyvoz.com\/index.php\/cerrando-filas\/","title":{"rendered":"Cerrando Filas"},"content":{"rendered":"<h3 style=\"text-align: center;\"><a href=\"https:\/\/valua.com.mx\" target=\"_blank\" rel=\"noopener\"><strong>Valuaci\u00f3n Estrat\u00e9gica<\/strong><\/a><\/h3>\n<h3 style=\"text-align: center;\"><strong>Planeaci\u00f3n estrat\u00e9gica, transformaci\u00f3n organizacional y gesti\u00f3n del capital humano<\/strong><\/h3>\n<p style=\"padding-left: 40px; text-align: center;\"><strong>\u2756 Empresa de servicios en consultor\u00eda en Capital Humano fundada en 2002.<\/strong><\/p>\n<p style=\"padding-left: 40px; text-align: center;\"><strong>\u2756 Contamos con un equipo experto dedicado al desarrollo de sistemas enfocados a la automatizaci\u00f3n de procesos de capacitaci\u00f3n y educaci\u00f3n a distancia en plataforma e.learning (LMS) ofreciendo a las entidades ahorros econ\u00f3micos considerables y reducci\u00f3n de costos.<\/strong><\/p>\n<p style=\"padding-left: 40px; text-align: center;\"><strong>\u2756 Nos integramos en un grupo confiable de consultores en las disciplinas de Administraci\u00f3n de Empresas, Psicolog\u00eda, Sistemas,<\/strong><br \/>\n<strong>Relaciones Industriales y Derecho Laboral y Corporativo.<\/strong><\/p>\n<div class=\"su-youtube su-u-responsive-media-yes\"><iframe loading=\"lazy\" width=\"600\" height=\"400\" src=\"https:\/\/www.youtube.com\/embed\/PcV9O89ALfk?\" frameborder=\"0\" allowfullscreen allow=\"autoplay; encrypted-media; picture-in-picture\" title=\"\"><\/iframe><\/div>\n<div class=\"su-youtube su-u-responsive-media-yes\"><iframe loading=\"lazy\" width=\"600\" height=\"400\" src=\"https:\/\/www.youtube.com\/embed\/Quu6Txb-f90?\" frameborder=\"0\" allowfullscreen allow=\"autoplay; encrypted-media; picture-in-picture\" title=\"\"><\/iframe><\/div>\n<div class=\"su-youtube su-u-responsive-media-yes\"><iframe loading=\"lazy\" width=\"600\" height=\"400\" src=\"https:\/\/www.youtube.com\/embed\/K9lt4p1lxIw?\" frameborder=\"0\" allowfullscreen allow=\"autoplay; encrypted-media; picture-in-picture\" title=\"\"><\/iframe><\/div>\n<div class=\"su-youtube su-u-responsive-media-yes\"><iframe loading=\"lazy\" width=\"600\" height=\"400\" src=\"https:\/\/www.youtube.com\/embed\/QDdtcs2exgY?\" frameborder=\"0\" allowfullscreen allow=\"autoplay; encrypted-media; picture-in-picture\" title=\"\"><\/iframe><\/div>\n<div class=\"su-youtube su-u-responsive-media-yes\"><iframe loading=\"lazy\" width=\"600\" height=\"400\" src=\"https:\/\/www.youtube.com\/embed\/sZXfbLUR4_w?\" frameborder=\"0\" allowfullscreen allow=\"autoplay; encrypted-media; picture-in-picture\" title=\"\"><\/iframe><\/div>\n<div class=\"su-youtube su-u-responsive-media-yes\"><iframe loading=\"lazy\" width=\"600\" height=\"400\" src=\"https:\/\/www.youtube.com\/embed\/oBy-b_sPPM0?\" frameborder=\"0\" allowfullscreen allow=\"autoplay; encrypted-media; picture-in-picture\" title=\"\"><\/iframe><\/div>\n<div class=\"su-youtube su-u-responsive-media-yes\"><iframe loading=\"lazy\" width=\"600\" height=\"400\" src=\"https:\/\/www.youtube.com\/embed\/xT2H0Ovg0nE?\" frameborder=\"0\" allowfullscreen allow=\"autoplay; encrypted-media; picture-in-picture\" title=\"\"><\/iframe><\/div>\n<div class=\"su-youtube su-u-responsive-media-yes\"><iframe loading=\"lazy\" width=\"600\" height=\"400\" src=\"https:\/\/www.youtube.com\/embed\/ivg-ii2DgEA?\" frameborder=\"0\" allowfullscreen allow=\"autoplay; encrypted-media; picture-in-picture\" title=\"\"><\/iframe><\/div>\n<div class=\"su-youtube su-u-responsive-media-yes\"><iframe loading=\"lazy\" width=\"600\" height=\"400\" src=\"https:\/\/www.youtube.com\/embed\/Zz_zX7jvbEg?\" frameborder=\"0\" allowfullscreen allow=\"autoplay; encrypted-media; picture-in-picture\" title=\"\"><\/iframe><\/div>\n<div class=\"su-youtube su-u-responsive-media-yes\"><iframe loading=\"lazy\" width=\"600\" height=\"400\" src=\"https:\/\/www.youtube.com\/embed\/gm-E6eO4l1o?\" frameborder=\"0\" allowfullscreen allow=\"autoplay; encrypted-media; picture-in-picture\" title=\"\"><\/iframe><\/div>\n","protected":false},"excerpt":{"rendered":"<p>Valuaci\u00f3n Estrat\u00e9gica Planeaci\u00f3n estrat\u00e9gica, transformaci\u00f3n organizacional y gesti\u00f3n del capital humano \u2756 Empresa de servicios en consultor\u00eda en Capital Humano<\/p>\n","protected":false},"author":1,"featured_media":82,"parent":0,"menu_order":0,"comment_status":"closed","ping_status":"closed","template":"","meta":{"colormag_page_container_layout":"default_layout","colormag_page_sidebar_layout":"default_layout","footnotes":""},"class_list":["post-81","page","type-page","status-publish","has-post-thumbnail","hentry"],"_links":{"self":[{"href":"https:\/\/okeyvoz.com\/index.php\/wp-json\/wp\/v2\/pages\/81","targetHints":{"allow":["GET"]}}],"collection":[{"href":"https:\/\/okeyvoz.com\/index.php\/wp-json\/wp\/v2\/pages"}],"about":[{"href":"https:\/\/okeyvoz.com\/index.php\/wp-json\/wp\/v2\/types\/page"}],"author":[{"embeddable":true,"href":"https:\/\/okeyvoz.com\/index.php\/wp-json\/wp\/v2\/users\/1"}],"replies":[{"embeddable":true,"href":"https:\/\/okeyvoz.com\/index.php\/wp-json\/wp\/v2\/comments?post=81"}],"version-history":[{"count":15,"href":"https:\/\/okeyvoz.com\/index.php\/wp-json\/wp\/v2\/pages\/81\/revisions"}],"predecessor-version":[{"id":146,"href":"https:\/\/okeyvoz.com\/index.php\/wp-json\/wp\/v2\/pages\/81\/revisions\/146"}],"wp:featuredmedia":[{"embeddable":true,"href":"https:\/\/okeyvoz.com\/index.php\/wp-json\/wp\/v2\/media\/82"}],"wp:attachment":[{"href":"https:\/\/okeyvoz.com\/index.php\/wp-json\/wp\/v2\/media?parent=81"}],"curies":[{"name":"wp","href":"https:\/\/api.w.org\/{rel}","templated":true}]}}