{"id":2,"date":"2026-01-23T04:09:14","date_gmt":"2026-01-23T04:09:14","guid":{"rendered":"https:\/\/okeyvoz.com\/?page_id=2"},"modified":"2026-02-22T23:43:45","modified_gmt":"2026-02-23T05:43:45","slug":"sample-page","status":"publish","type":"page","link":"https:\/\/okeyvoz.com\/index.php\/sample-page\/","title":{"rendered":"Quienes Somos"},"content":{"rendered":"\r\n<h3>\u00a0<\/h3>\r\n<h2 style=\"text-align: center;\"><span style=\"color: #333333;\"><strong>Okey Voz<\/strong><\/span><\/h2>\r\n<h4 style=\"text-align: center;\"><strong>Tu voz en radio<\/strong><\/h4>\r\n<p style=\"text-align: justify;\"><b>Okey Quer\u00e9taro es una empresa queretana, fundada en 2016 por Er\u00e9ndira C\u00f3rdoba y Samuel P\u00e9rez Rios dedicada a generar, distribuir y difundir la mejor informaci\u00f3n digital e impresa en el centro de la rep\u00fablica con contenidos de calidad y veracidad necesarios para crear una sociedad m\u00e1s y mejor informada de los temas que le permitan a nuestro lector participar en la vida diaria<\/b><\/p>\r\n<p style=\"text-align: justify;\"><strong>Okey Vos nace por la necesidad de ampliar nuestros alcances informativos, asi como la intenci\u00f3n de renovarnos y actualizar nuestros medios de difusi\u00f3n. Despu\u00e9s de 10 a\u00f1os como medio digital y 20 a\u00f1os como casa productora contamos con el equipo, la experiencia y la red de distribuci\u00f3n necesaria para garantizar productos de la m\u00e1s altas calidad y confiavilidad.<\/strong><\/p>\r\n<p><img loading=\"lazy\" decoding=\"async\" class=\"aligncenter wp-image-44 size-full\" title=\"MERM3244\" src=\"https:\/\/okeyvoz.com\/wp-content\/uploads\/2026\/02\/MERM3244-scaled.jpg\" alt=\"MERM3244\" width=\"2560\" height=\"1707\" srcset=\"https:\/\/okeyvoz.com\/wp-content\/uploads\/2026\/02\/MERM3244-scaled.jpg 2560w, https:\/\/okeyvoz.com\/wp-content\/uploads\/2026\/02\/MERM3244-300x200.jpg 300w, https:\/\/okeyvoz.com\/wp-content\/uploads\/2026\/02\/MERM3244-1024x683.jpg 1024w, https:\/\/okeyvoz.com\/wp-content\/uploads\/2026\/02\/MERM3244-768x512.jpg 768w, https:\/\/okeyvoz.com\/wp-content\/uploads\/2026\/02\/MERM3244-1536x1024.jpg 1536w, https:\/\/okeyvoz.com\/wp-content\/uploads\/2026\/02\/MERM3244-2048x1365.jpg 2048w\" sizes=\"auto, (max-width: 2560px) 100vw, 2560px\" \/><\/p>\r\n<h4 style=\"text-align: justify;\"><span style=\"color: #333333;\"><strong>Nuestra visi\u00f3n:<\/strong><\/span><\/h4>\r\n<p style=\"text-align: justify;\"><b>Ser el mejor medio de comunicaci\u00f3n de Quer\u00e9taro apoyados con el manejo de radio por internet, un portal de contenidos y la difusi\u00f3n en las principales redes sociales y plataformas de distribuci\u00f3n de contenidos digitales para lograr una alta rentabilidad para nuestros lectores y anunciantes.<\/b><\/p>\r\n<p>&nbsp;<\/p>\r\n<p style=\"text-align: justify;\"><b>Okey Quer\u00e9taro nace por la necesidad de contar con un medio de comunicaci\u00f3n serio que maneje temas de salud, sexualidad, cultura, turismo, espect\u00e1culos y entretenimiento sin descuidar la cobertura de los principales encabezados locales, y globales pero desde una perspectiva m\u00e1s cercana a nuestra sociedad, que incentive a los j\u00f3venes a informarse de pol\u00edtica, econom\u00eda, finanzas, etc. sin perder el toque de espontaneidad necesario para mantener vivo el inter\u00e9s del lector.<\/b><\/p>\r\n<p>&nbsp;<\/p>\r\n<p style=\"text-align: center;\"><strong>Er\u00e9ndira C\u00f3rdoba<\/strong><\/p>\r\n<p style=\"text-align: center;\"><strong>Direcci\u00f3n General<\/strong><\/p>\r\n","protected":false},"excerpt":{"rendered":"<p>\u00a0 Okey Voz Tu voz en radio Okey Quer\u00e9taro es una empresa queretana, fundada en 2016 por Er\u00e9ndira C\u00f3rdoba y<\/p>\n","protected":false},"author":1,"featured_media":0,"parent":0,"menu_order":0,"comment_status":"closed","ping_status":"open","template":"","meta":{"colormag_page_container_layout":"default_layout","colormag_page_sidebar_layout":"default_layout","footnotes":""},"class_list":["post-2","page","type-page","status-publish","hentry"],"_links":{"self":[{"href":"https:\/\/okeyvoz.com\/index.php\/wp-json\/wp\/v2\/pages\/2","targetHints":{"allow":["GET"]}}],"collection":[{"href":"https:\/\/okeyvoz.com\/index.php\/wp-json\/wp\/v2\/pages"}],"about":[{"href":"https:\/\/okeyvoz.com\/index.php\/wp-json\/wp\/v2\/types\/page"}],"author":[{"embeddable":true,"href":"https:\/\/okeyvoz.com\/index.php\/wp-json\/wp\/v2\/users\/1"}],"replies":[{"embeddable":true,"href":"https:\/\/okeyvoz.com\/index.php\/wp-json\/wp\/v2\/comments?post=2"}],"version-history":[{"count":3,"href":"https:\/\/okeyvoz.com\/index.php\/wp-json\/wp\/v2\/pages\/2\/revisions"}],"predecessor-version":[{"id":67,"href":"https:\/\/okeyvoz.com\/index.php\/wp-json\/wp\/v2\/pages\/2\/revisions\/67"}],"wp:attachment":[{"href":"https:\/\/okeyvoz.com\/index.php\/wp-json\/wp\/v2\/media?parent=2"}],"curies":[{"name":"wp","href":"https:\/\/api.w.org\/{rel}","templated":true}]}}